{"id":50,"date":"2021-04-26T12:57:04","date_gmt":"2021-04-26T12:57:04","guid":{"rendered":"https:\/\/money2022.localhost\/novinky-a-tipy\/dekujeme-za-potvrzeni\/"},"modified":"2025-07-09T10:58:09","modified_gmt":"2025-07-09T08:58:09","slug":"dekujeme-za-potvrzeni","status":"publish","type":"page","link":"https:\/\/money.cz\/novinky-a-tipy\/dekujeme-za-potvrzeni\/","title":{"rendered":"D\u011bkujeme za potvrzen\u00ed"},"content":{"rendered":"<h4 class=\"pt-4\">Str\u00e1nku m\u016f\u017eete nyn\u00ed zav\u0159\u00edt nebo p\u0159ej\u00edt na <a href=\"\/novinky-a-tipy\">n\u00e1\u0161 blog<\/a>.<\/h4>\n<h4>Z\u00e1sady zpracov\u00e1n\u00ed Va\u0161ich osobn\u00edch \u00fadaj\u016f si m\u016f\u017eete p\u0159e\u010d\u00edst <a href=\"\/ochrana-osobnich-udaju\/e-book\/\">zde<\/a>.<\/h4>\n","protected":false},"excerpt":{"rendered":"<p>Str\u00e1nku m\u016f\u017eete nyn\u00ed zav\u0159\u00edt nebo p\u0159ej\u00edt na n\u00e1\u0161 blog. Z\u00e1sady zpracov\u00e1n\u00ed Va\u0161ich osobn\u00edch \u00fadaj\u016f si m\u016f\u017eete p\u0159e\u010d\u00edst zde.<\/p>\n","protected":false},"author":2,"featured_media":0,"parent":0,"menu_order":0,"comment_status":"open","ping_status":"open","template":"fullwidth.php","meta":{"_acf_changed":false,"_searchwp_excluded":"","inline_featured_image":false,"footnotes":""},"class_list":["post-50","page","type-page","status-publish","hentry"],"acf":[],"_links":{"self":[{"href":"https:\/\/money.cz\/novinky-a-tipy\/wp-json\/wp\/v2\/pages\/50","targetHints":{"allow":["GET"]}}],"collection":[{"href":"https:\/\/money.cz\/novinky-a-tipy\/wp-json\/wp\/v2\/pages"}],"about":[{"href":"https:\/\/money.cz\/novinky-a-tipy\/wp-json\/wp\/v2\/types\/page"}],"author":[{"embeddable":true,"href":"https:\/\/money.cz\/novinky-a-tipy\/wp-json\/wp\/v2\/users\/2"}],"replies":[{"embeddable":true,"href":"https:\/\/money.cz\/novinky-a-tipy\/wp-json\/wp\/v2\/comments?post=50"}],"version-history":[{"count":1,"href":"https:\/\/money.cz\/novinky-a-tipy\/wp-json\/wp\/v2\/pages\/50\/revisions"}],"predecessor-version":[{"id":4430,"href":"https:\/\/money.cz\/novinky-a-tipy\/wp-json\/wp\/v2\/pages\/50\/revisions\/4430"}],"wp:attachment":[{"href":"https:\/\/money.cz\/novinky-a-tipy\/wp-json\/wp\/v2\/media?parent=50"}],"curies":[{"name":"wp","href":"https:\/\/api.w.org\/{rel}","templated":true}]}}